{"id":6372,"date":"2023-05-14T10:42:25","date_gmt":"2023-05-14T09:42:25","guid":{"rendered":"https:\/\/kinootok.org\/?page_id=6372"},"modified":"2026-04-27T17:48:37","modified_gmt":"2026-04-27T16:48:37","slug":"pro-otok-2023","status":"publish","type":"page","link":"https:\/\/kinootok.org\/en\/pro-otok-2023\/","title":{"rendered":"PRO OTOK"},"content":{"rendered":"<div class=\"container\">\n    <div class=\"row text\">\n        <div class=\"col-md-9\">\n            <h2 style=\"text-align: right;\"><strong>The Kino Otok &#8211; Isola Cinema 2026 programme for professionals is coming soon!<\/strong><\/h2>\n<p>&nbsp;<\/p>\n<p>&nbsp;<\/p>\n        <\/div>\n    <\/div>\n<\/div>\n\n\n<div class=\"container\">\n    <div class=\"row text\">\n        <div class=\"col-md-9\">\n            <h3><strong>PRO OTOK IN LJUBLJANA 2025<\/strong><\/h3>\n<h3><strong><span style=\"color: #000000;\">Filmmaker in Focus: Igor Bezinovi\u0107<\/span><\/strong><\/h3>\n<p>For the last 15 years, Croatian documentary filmmaker Igor Bezinovi\u0107 has been developing a distinctive, insightful and playful expression as an auteur. A member of the young generation of Croatian filmmakers, he first came to prominence and scored success on the festival circuit with his highly original and mature short films. Born in Rijeka, he studied Comparative Literature, Philosophy and Sociology at the Faculty of Arts in Zagreb and Directing at the Academy of Dramatic Arts in Zagreb. He first toured the cinema screens with the feature documentary The Blockade (2012), documenting student protests in Zagreb. His second feature is A Brief Excursion (2017), a fiction film about a &#8220;lost&#8221; and sometimes &#8220;found&#8221; young generation. This year, Bezinovi\u0107 hit the screens with his third feature, Fiume o morte! (2025), which describes a very unusual, albeit brief chapter in history when Rijeka was occupied in 1919-1920 by the famous and notorious Italian writer, politician and (proto)fascist Gabriele D&#8217;Annunzio. The film won two awards, the Tiger Award and the Fipresci Prize, when it premiered at the Rotterdam Film Festival. After the start of its distribution in Croatia and Italy and screenings in Slovenia, the film immediately won the hearts of wider audiences.<\/p>\n<h3><strong>Dialogue: Igor Bezinovi\u0107&#8217;s shorts<\/strong><\/h3>\n<p>7. 5. 2025, 18.00\u201320.30, Kinodvorana AGRFT<\/p>\n<p>The programme of diverse short documentaries, which explore complex interpersonal relationships with affection and humour, will be followed by a discussion on the contexts and impacts of Bezinovi\u0107&#8217;s documentary filmmaking between Kino Otok&#8217;s programmer Varja Mo\u010dnik and columnist and activist Miha Bla\u017ei\u010d aka<strong> N\u2019toko<\/strong>.<\/p>\n<p><strong>Kratki obiteljski film \/ A Short Family Film<\/strong>, Igor Bezinovi\u0107, Croatia, 2016, 20\u2032<\/p>\n<p><strong>Mikrokaseta \u2013 najmanj\u0161a kaseta, kar sem jih videl \/ Mikrokazeta \u2013 najmanja kazeta koju sam ikad vidio \/ Microcassette \u2013 the Smallest Cassette I\u2019ve Ever Seen<\/strong>, Igor Bezinovi\u0107, Ivana Pipal, Croatia, Serbia, 2020, 19\u2019<\/p>\n<p><strong>Veruda \u2013 A Film About Bojan<\/strong>, Igor Bezinovi\u0107, Croatia, 2015, 33\u2019<\/p>\n<p>Free admission.<\/p>\n<p><img loading=\"lazy\" decoding=\"async\" src=\"https:\/\/kinootok.org\/wp-content\/uploads\/2025\/04\/UTF-8IZBRANA_Microcassette_10-300x169.jpg\" sizes=\"auto, (max-width: 609px) 100vw, 609px\" srcset=\"https:\/\/kinootok.org\/wp-content\/uploads\/2025\/04\/UTF-8IZBRANA_Microcassette_10-300x169.jpg 300w, https:\/\/kinootok.org\/wp-content\/uploads\/2025\/04\/UTF-8IZBRANA_Microcassette_10-1024x576.jpg 1024w, https:\/\/kinootok.org\/wp-content\/uploads\/2025\/04\/UTF-8IZBRANA_Microcassette_10-768x432.jpg 768w, https:\/\/kinootok.org\/wp-content\/uploads\/2025\/04\/UTF-8IZBRANA_Microcassette_10-1536x864.jpg 1536w, https:\/\/kinootok.org\/wp-content\/uploads\/2025\/04\/UTF-8IZBRANA_Microcassette_10.jpg 1920w\" alt=\"\" width=\"609\" height=\"343\" \/><\/p>\n<p>&nbsp;<\/p>\n<h3><strong>Masterclass: Igor Bezinovi\u0107 on shorts, at length<\/strong><\/h3>\n<p>14. 5. 2025, 14.00\u201317.00, Kinodvorana AGRFT<\/p>\n<p>A meeting with the filmmaker that combines a screening of Bezinovi\u0107&#8217;s first and shortest films and a presentation of his unique view on filmmaking and auteur documentary cinema, which establishes a close contact with the people and the environment in which it is made.<\/p>\n<p>Admission is free, but spaces are limited.<\/p>\n<p><img loading=\"lazy\" decoding=\"async\" src=\"https:\/\/kinootok.org\/wp-content\/uploads\/2025\/04\/UTF-8Igor-bezinovic-200x300.jpeg\" sizes=\"auto, (max-width: 237px) 100vw, 237px\" srcset=\"https:\/\/kinootok.org\/wp-content\/uploads\/2025\/04\/UTF-8Igor-bezinovic-200x300.jpeg 200w, https:\/\/kinootok.org\/wp-content\/uploads\/2025\/04\/UTF-8Igor-bezinovic-683x1024.jpeg 683w, https:\/\/kinootok.org\/wp-content\/uploads\/2025\/04\/UTF-8Igor-bezinovic-768x1152.jpeg 768w, https:\/\/kinootok.org\/wp-content\/uploads\/2025\/04\/UTF-8Igor-bezinovic-1024x1536.jpeg 1024w, https:\/\/kinootok.org\/wp-content\/uploads\/2025\/04\/UTF-8Igor-bezinovic-1365x2048.jpeg 1365w, https:\/\/kinootok.org\/wp-content\/uploads\/2025\/04\/UTF-8Igor-bezinovic-scaled.jpeg 1707w\" alt=\"\" width=\"237\" height=\"356\" \/><\/p>\n<p>&nbsp;<\/p>\n<h3><strong>A Brief Excursion<\/strong><\/h3>\n<p>Igor Bezinovi\u0107, Croatia, 2017, 75\u2019,<\/p>\n<p>14. 5. 2025, 18.00\u201320.30, Kinodvorana AGRFT<\/p>\n<p>Followed by a Q&amp;A. Free admission.<\/p>\n<p><img loading=\"lazy\" decoding=\"async\" src=\"https:\/\/kinootok.org\/wp-content\/uploads\/2025\/04\/UTF-8IZBRANA_A-Brief-Excursion_walk-300x169.jpeg\" sizes=\"auto, (max-width: 586px) 100vw, 586px\" srcset=\"https:\/\/kinootok.org\/wp-content\/uploads\/2025\/04\/UTF-8IZBRANA_A-Brief-Excursion_walk-300x169.jpeg 300w, https:\/\/kinootok.org\/wp-content\/uploads\/2025\/04\/UTF-8IZBRANA_A-Brief-Excursion_walk-1024x576.jpeg 1024w, https:\/\/kinootok.org\/wp-content\/uploads\/2025\/04\/UTF-8IZBRANA_A-Brief-Excursion_walk-768x432.jpeg 768w, https:\/\/kinootok.org\/wp-content\/uploads\/2025\/04\/UTF-8IZBRANA_A-Brief-Excursion_walk-1536x864.jpeg 1536w, https:\/\/kinootok.org\/wp-content\/uploads\/2025\/04\/UTF-8IZBRANA_A-Brief-Excursion_walk.jpeg 1920w\" alt=\"\" width=\"586\" height=\"330\" \/><\/p>\n<p>&nbsp;<\/p>\n        <\/div>\n    <\/div>\n<\/div>\n\n\n<div class=\"container\">\n    <div class=\"row text\">\n        <div class=\"col-md-9\">\n            <h3><strong>PRO OTOK IN IZOLA 2025<\/strong><\/h3>\n<h3 style=\"font-weight: 400;\"><strong><span style=\"color: #000000;\">Training for Film Curators\u00a0<\/span><\/strong><\/h3>\n<p style=\"font-weight: 400;\">4.-6. 6. 2025, Son\u010dna dvorana JSKD<\/p>\n<p style=\"font-weight: 400;\">How to attract the widest possible range of audiences to the cinema? The three-day training course on curating a film programme in a local cinema will include film screenings, trend\u00a0analysis, promoting sustainable social practices and comparing promotional strategies through lectures, practical assignments, project work, group work and examples of good practice. Organised by Slovenian Art Cinema Association with the support of Kino Otok and Motovila \/ CED Slovenia, co-financed by the Slovenian Film Centre.<\/p>\n<p style=\"font-weight: 400;\"><em>Find out more at kinootok.org. Admission is free, but spaces are limited so please book yours at <a href=\"mailto:info@artkinomreza.si\">info@artkinomreza.si<\/a>. Priority is given to members of the Slovenian Art Cinema Association.\u00a0<\/em><\/p>\n<h3 style=\"font-weight: 400;\"><strong><span style=\"color: #000000;\">Inspiration\u00a0Accelerator\u00a0for\u00a0Video on\u00a0the\u00a0Beach\u00a0filmmakers\u00a0<\/span><\/strong><\/h3>\n<p style=\"font-weight: 400;\">6.\u20138. 6. 2025, the Manzioli palace<\/p>\n<p style=\"font-weight: 400;\">Moderated meetings for filmmakers participating in the Video on the Beach strand to open a space for the exchange of ideas, experiences, and creative and production needs through a dialogue with selected festival guests.<\/p>\n<p>Friday, 6. 6. 2025, 18.00-19.00<br \/>\n<em>Rendez-vous<\/em> with Johannes Gierlinger and Sami van Ingen<\/p>\n<p>Saturday, 7. 6. 2025, 11.00-12.00<br \/>\n<em>Rendez-vous<\/em> with Igor Bezinovi\u0107 and Jasna Krajinovi\u0107<\/p>\n<p>Sunday, 8. 6. 2025, 11.00-12.00<br \/>\n<em>Rendez-vous<\/em> with Marina Gumzi and Sarita Matijevi\u0107<\/p>\n<p style=\"font-weight: 400;\"><em>Admission is free, but spaces are limited so please book yours at <a href=\"mailto:info@artkinomreza.si\">video@isolacinema.org<\/a>.\u00a0<\/em><\/p>\n<h3 style=\"font-weight: 400;\"><span style=\"color: #000000;\"><strong>Short Scene at\u00a0Isola\u00a0Cinema\u00a0<\/strong><\/span><\/h3>\n<p>6. 6. 2025, various venues<\/p>\n<p style=\"font-weight: 400;\">&#8216;Short Scene&#8217; is an intensive 6-month screenwriting workshop organised by the Directors\u2019 Guild of Slovenia in collaboration with the Slovenian Film Centre and in partnership with the Society for short film promotion Kraken. For more information, see\u00a0dsr.si.\u00a0For workshop participants.<\/p>\n<p style=\"font-weight: 400;\">\n        <\/div>\n    <\/div>\n<\/div>\n","protected":false},"excerpt":{"rendered":"<p> [&#8230;]<\/p>\n<p><a class=\"btn btn-secondary understrap-read-more-link\" href=\"https:\/\/kinootok.org\/en\/pro-otok-2023\/\">Read More&#8230;<\/a><\/p>\n","protected":false},"author":7,"featured_media":0,"parent":0,"menu_order":0,"comment_status":"closed","ping_status":"closed","template":"page-templates\/about.php","meta":{"_acf_changed":false,"footnotes":""},"class_list":["post-6372","page","type-page","status-publish","hentry"],"acf":[],"_links":{"self":[{"href":"https:\/\/kinootok.org\/en\/wp-json\/wp\/v2\/pages\/6372","targetHints":{"allow":["GET"]}}],"collection":[{"href":"https:\/\/kinootok.org\/en\/wp-json\/wp\/v2\/pages"}],"about":[{"href":"https:\/\/kinootok.org\/en\/wp-json\/wp\/v2\/types\/page"}],"author":[{"embeddable":true,"href":"https:\/\/kinootok.org\/en\/wp-json\/wp\/v2\/users\/7"}],"replies":[{"embeddable":true,"href":"https:\/\/kinootok.org\/en\/wp-json\/wp\/v2\/comments?post=6372"}],"version-history":[{"count":40,"href":"https:\/\/kinootok.org\/en\/wp-json\/wp\/v2\/pages\/6372\/revisions"}],"predecessor-version":[{"id":13506,"href":"https:\/\/kinootok.org\/en\/wp-json\/wp\/v2\/pages\/6372\/revisions\/13506"}],"wp:attachment":[{"href":"https:\/\/kinootok.org\/en\/wp-json\/wp\/v2\/media?parent=6372"}],"curies":[{"name":"wp","href":"https:\/\/api.w.org\/{rel}","templated":true}]}}