{"id":2024,"date":"2020-12-30T17:11:08","date_gmt":"2020-12-30T16:11:08","guid":{"rendered":"https:\/\/kinootok.org\/arhiv-podmornica\/"},"modified":"2026-03-02T15:44:47","modified_gmt":"2026-03-02T14:44:47","slug":"arhiv-podmornica","status":"publish","type":"page","link":"https:\/\/kinootok.org\/en\/arhiv-podmornica\/","title":{"rendered":"Submarine"},"content":{"rendered":"<div class=\"container\">\n    <div class=\"row text\">\n        <div class=\"col-md-9\">\n            <h2 style=\"text-align: right;\"><strong>The Kino Otok &#8211; Isola Cinema Submarine film programme 2026 is coming soon!<\/strong><\/h2>\n<p>&nbsp;<\/p>\n<p>&nbsp;<\/p>\n        <\/div>\n    <\/div>\n<\/div>\n\n\n<div class=\"container\">\n    <div class=\"row text\">\n        <div class=\"col-md-9\">\n            <h3><strong><span class=\"TextRun SCXW40406215 BCX4\" lang=\"EN-GB\" xml:lang=\"EN-GB\" data-contrast=\"none\"><span class=\"NormalTextRun SCXW40406215 BCX4\">Saturday, 7<\/span><span class=\"NormalTextRun SCXW40406215 BCX4\">. 6.<\/span><\/span> 2025<\/strong><\/h3>\n<h3><span style=\"color: #000000;\"><strong>Colorful Worlds for Little Dreamers 4+\u00a0<\/strong><\/span><\/h3>\n<p><span data-contrast=\"none\">Lithuania, 30\u2032, <span class=\"TextRun SCXW222520929 BCX4\" lang=\"EN-GB\" xml:lang=\"EN-GB\" data-contrast=\"none\"><span class=\"NormalTextRun SCXW222520929 BCX4\">no dialogue<\/span><\/span><span class=\"EOP SCXW222520929 BCX4\" data-ccp-props=\"{&quot;335559739&quot;:0}\">\u00a0<\/span><\/span><\/p>\n<p><span data-contrast=\"none\"><span class=\"TextRun SCXW15674122 BCX4\" lang=\"EN-GB\" xml:lang=\"EN-GB\" data-contrast=\"none\"><span class=\"NormalTextRun SCXW15674122 BCX4\"><strong>Patrikas \/ The Perfect Fit<\/strong>, <\/span><\/span><span class=\"TextRun SCXW15674122 BCX4\" lang=\"EN-GB\" xml:lang=\"EN-GB\" data-contrast=\"none\"><span class=\"NormalTextRun SpellingErrorV2Themed SCXW15674122 BCX4\">Meinardas<\/span> <span class=\"NormalTextRun SpellingErrorV2Themed SCXW15674122 BCX4\">Valkevi\u010dius<\/span><span class=\"NormalTextRun SCXW15674122 BCX4\">, 2022, 10\u201926\u201d, <\/span><\/span><span class=\"TextRun SCXW15674122 BCX4\" lang=\"EN-GB\" xml:lang=\"EN-GB\" data-contrast=\"none\"><strong><span class=\"NormalTextRun SpellingErrorV2Themed SCXW15674122 BCX4\">Kanopos<\/span><span class=\"NormalTextRun SpellingErrorV2Themed SCXW15674122 BCX4\">ir<\/span> <span class=\"NormalTextRun SpellingErrorV2Themed SCXW15674122 BCX4\">pa\u010di\u016b\u017eos<\/span><\/strong><span class=\"NormalTextRun SCXW15674122 BCX4\"><strong> \/ Hoofs on Skates<\/strong>, <\/span><\/span><span class=\"TextRun SCXW15674122 BCX4\" lang=\"EN-GB\" xml:lang=\"EN-GB\" data-contrast=\"none\"><span class=\"NormalTextRun SCXW15674122 BCX4\">Ignas <\/span><span class=\"NormalTextRun SpellingErrorV2Themed SCXW15674122 BCX4\">Meil\u016bnas<\/span><span class=\"NormalTextRun SCXW15674122 BCX4\">, 2024, 12\u201924\u201d, <\/span><\/span><strong><span class=\"TextRun SCXW15674122 BCX4\" lang=\"EN-GB\" xml:lang=\"EN-GB\" data-contrast=\"none\"><span class=\"NormalTextRun SpellingErrorV2Themed SCXW15674122 BCX4\">Katu<\/span> <span class=\"NormalTextRun SpellingErrorV2Themed SCXW15674122 BCX4\">katu<\/span><span class=\"NormalTextRun SCXW15674122 BCX4\">, <\/span><\/span><\/strong><span class=\"TextRun SCXW15674122 BCX4\" lang=\"EN-GB\" xml:lang=\"EN-GB\" data-contrast=\"none\"><strong><span class=\"NormalTextRun SCXW15674122 BCX4\">Giedr\u0117 <\/span><span class=\"NormalTextRun SpellingErrorV2Themed SCXW15674122 BCX4\">Naru\u0161yt\u0117 <\/span><\/strong><span class=\"NormalTextRun SCXW15674122 BCX4\"><strong>Boots,<\/strong> 2021, 5\u201930\u201d, <\/span><\/span><span class=\"TextRun SCXW15674122 BCX4\" lang=\"EN-GB\" xml:lang=\"EN-GB\" data-contrast=\"none\"><strong><span class=\"NormalTextRun SpellingErrorV2Themed SCXW15674122 BCX4\">Mo\u010diut\u0117s<\/span><span class=\"NormalTextRun SpellingErrorV2Themed SCXW15674122 BCX4\">blynai<\/span><\/strong><span class=\"NormalTextRun SCXW15674122 BCX4\"><strong> \/ Grandma\u2019s Pancakes<\/strong>, <\/span><\/span><span class=\"TextRun SCXW15674122 BCX4\" lang=\"EN-GB\" xml:lang=\"EN-GB\" data-contrast=\"none\"><span class=\"NormalTextRun SCXW15674122 BCX4\">Vykintas <\/span><span class=\"NormalTextRun SpellingErrorV2Themed SCXW15674122 BCX4\">Labanauskas<\/span><span class=\"NormalTextRun SCXW15674122 BCX4\">, Dominyka <\/span><span class=\"NormalTextRun SpellingErrorV2Themed SCXW15674122 BCX4\">Adomaityt\u0117<\/span><span class=\"NormalTextRun SCXW15674122 BCX4\">, 2019, 2\u2032<\/span><\/span><\/span><\/p>\n<p><img loading=\"lazy\" decoding=\"async\" class=\"alignnone wp-image-11194\" src=\"https:\/\/kinootok.org\/wp-content\/uploads\/2025\/04\/TPF_005_izbrana-300x117.png\" sizes=\"auto, (max-width: 631px) 100vw, 631px\" srcset=\"https:\/\/kinootok.org\/wp-content\/uploads\/2025\/04\/TPF_005_izbrana-300x117.png 300w, https:\/\/kinootok.org\/wp-content\/uploads\/2025\/04\/TPF_005_izbrana-1024x399.png 1024w, https:\/\/kinootok.org\/wp-content\/uploads\/2025\/04\/TPF_005_izbrana-768x299.png 768w, https:\/\/kinootok.org\/wp-content\/uploads\/2025\/04\/TPF_005_izbrana-1536x599.png 1536w, https:\/\/kinootok.org\/wp-content\/uploads\/2025\/04\/TPF_005_izbrana-2048x798.png 2048w\" alt=\"\" width=\"631\" height=\"246\" \/><\/p>\n<p><img loading=\"lazy\" decoding=\"async\" class=\"alignnone wp-image-11196\" src=\"https:\/\/kinootok.org\/wp-content\/uploads\/2025\/04\/HOOFS_2024-01-17_ProRes_CLEAN_v1.00_28_53_23.Still003_izbrana-300x126.jpg\" sizes=\"auto, (max-width: 631px) 100vw, 631px\" srcset=\"https:\/\/kinootok.org\/wp-content\/uploads\/2025\/04\/HOOFS_2024-01-17_ProRes_CLEAN_v1.00_28_53_23.Still003_izbrana-300x126.jpg 300w, https:\/\/kinootok.org\/wp-content\/uploads\/2025\/04\/HOOFS_2024-01-17_ProRes_CLEAN_v1.00_28_53_23.Still003_izbrana-1024x429.jpg 1024w, https:\/\/kinootok.org\/wp-content\/uploads\/2025\/04\/HOOFS_2024-01-17_ProRes_CLEAN_v1.00_28_53_23.Still003_izbrana-768x322.jpg 768w, https:\/\/kinootok.org\/wp-content\/uploads\/2025\/04\/HOOFS_2024-01-17_ProRes_CLEAN_v1.00_28_53_23.Still003_izbrana-1536x644.jpg 1536w, https:\/\/kinootok.org\/wp-content\/uploads\/2025\/04\/HOOFS_2024-01-17_ProRes_CLEAN_v1.00_28_53_23.Still003_izbrana.jpg 2048w\" alt=\"\" width=\"631\" height=\"265\" \/><\/p>\n<p><img loading=\"lazy\" decoding=\"async\" class=\"alignnone wp-image-11198\" src=\"https:\/\/kinootok.org\/wp-content\/uploads\/2025\/04\/Katu-Katu-1_200_DPI_izbrana-300x169.png\" sizes=\"auto, (max-width: 630px) 100vw, 630px\" srcset=\"https:\/\/kinootok.org\/wp-content\/uploads\/2025\/04\/Katu-Katu-1_200_DPI_izbrana-300x169.png 300w, https:\/\/kinootok.org\/wp-content\/uploads\/2025\/04\/Katu-Katu-1_200_DPI_izbrana-1024x576.png 1024w, https:\/\/kinootok.org\/wp-content\/uploads\/2025\/04\/Katu-Katu-1_200_DPI_izbrana-768x432.png 768w, https:\/\/kinootok.org\/wp-content\/uploads\/2025\/04\/Katu-Katu-1_200_DPI_izbrana.png 1181w\" alt=\"\" width=\"630\" height=\"355\" \/><\/p>\n<p><img loading=\"lazy\" decoding=\"async\" class=\"alignnone wp-image-11200\" src=\"https:\/\/kinootok.org\/wp-content\/uploads\/2025\/04\/GrandmasPancakes_still_03_izbrana-300x162.jpg\" sizes=\"auto, (max-width: 631px) 100vw, 631px\" srcset=\"https:\/\/kinootok.org\/wp-content\/uploads\/2025\/04\/GrandmasPancakes_still_03_izbrana-300x162.jpg 300w, https:\/\/kinootok.org\/wp-content\/uploads\/2025\/04\/GrandmasPancakes_still_03_izbrana-1024x553.jpg 1024w, https:\/\/kinootok.org\/wp-content\/uploads\/2025\/04\/GrandmasPancakes_still_03_izbrana-768x415.jpg 768w, https:\/\/kinootok.org\/wp-content\/uploads\/2025\/04\/GrandmasPancakes_still_03_izbrana-1536x830.jpg 1536w, https:\/\/kinootok.org\/wp-content\/uploads\/2025\/04\/GrandmasPancakes_still_03_izbrana-2048x1107.jpg 2048w\" alt=\"\" width=\"631\" height=\"341\" \/><\/p>\n<p><span data-contrast=\"none\">A programme of stylistically diverse animated films, in which courage overcomes the most seemingly daunting obstacles.\u00a0<\/span><span data-ccp-props=\"{&quot;335559739&quot;:0}\">\u00a0<\/span><i><span data-contrast=\"none\">In cooperation with the Vilnius Short Film Festival.\u00a0<\/span><\/i><\/p>\n<p><span data-ccp-props=\"{&quot;335559739&quot;:0}\"><span class=\"TextRun SCXW86713576 BCX4\" lang=\"EN-GB\" xml:lang=\"EN-GB\" data-contrast=\"none\"><span class=\"NormalTextRun SCXW86713576 BCX4\">Followed by \u00a0an optical toys workshop. <\/span><\/span><\/span><span data-contrast=\"auto\">A playful way to learn the ABCs of animated cinema and its history.<\/span><i><span data-contrast=\"auto\">\u00a0<\/span><\/i><span data-ccp-props=\"{&quot;335559739&quot;:0}\">\u00a0<\/span><i><span data-contrast=\"auto\">Admission is free to both the screening and the workshop.<\/span><\/i><\/p>\n<h3><strong><span style=\"color: #000000;\"><a style=\"color: #000000;\" href=\"https:\/\/kinootok.org\/en\/event\/i-accidentally-wrote-a-book\/\">V<\/a>\u00e9letlen\u00fcl \u00edrtam egy k\u00f6nyvet \/ I Accidentally Wrote a Book 8+<\/span><\/strong><\/h3>\n<p><span data-contrast=\"auto\">N\u00f3ra Lakos<\/span><b><span data-contrast=\"auto\">, <\/span><\/b>Hungary, the Netherlands<span data-contrast=\"auto\">, 2024, 98\u2032, <span class=\"TextRun SCXW59768293 BCX4\" lang=\"EN-GB\" xml:lang=\"EN-GB\" data-contrast=\"auto\"><span class=\"NormalTextRun SCXW59768293 BCX4\">in Hungarian with Slovene subtitles<\/span><span class=\"NormalTextRun SCXW59768293 BCX4\">\u00a0<\/span><\/span><span class=\"EOP SCXW59768293 BCX4\" data-ccp-props=\"{&quot;335559739&quot;:0}\">\u00a0<\/span><\/span><\/p>\n<p><img loading=\"lazy\" decoding=\"async\" class=\"alignnone wp-image-11208\" src=\"https:\/\/kinootok.org\/wp-content\/uploads\/2025\/04\/iwb_rl1_cc14_still.0108617_izbrana1-300x162.png\" sizes=\"auto, (max-width: 617px) 100vw, 617px\" srcset=\"https:\/\/kinootok.org\/wp-content\/uploads\/2025\/04\/iwb_rl1_cc14_still.0108617_izbrana1-300x162.png 300w, https:\/\/kinootok.org\/wp-content\/uploads\/2025\/04\/iwb_rl1_cc14_still.0108617_izbrana1-1024x554.png 1024w, https:\/\/kinootok.org\/wp-content\/uploads\/2025\/04\/iwb_rl1_cc14_still.0108617_izbrana1-768x415.png 768w, https:\/\/kinootok.org\/wp-content\/uploads\/2025\/04\/iwb_rl1_cc14_still.0108617_izbrana1-1536x830.png 1536w, https:\/\/kinootok.org\/wp-content\/uploads\/2025\/04\/iwb_rl1_cc14_still.0108617_izbrana1-2048x1107.png 2048w\" alt=\"\" width=\"617\" height=\"333\" \/><\/p>\n<p><span data-contrast=\"auto\">Can books be written by accident? A vivid and playful tale of creativity, imagination and the trials and tribulations of growing up.<\/span><i><span data-contrast=\"auto\">\u00a0<\/span><\/i><span data-ccp-props=\"{&quot;335559739&quot;:0}\">\u00a0<\/span><\/p>\n<p><i><span data-contrast=\"auto\">This screening is accessible to <\/span><\/i><i><span data-contrast=\"auto\">the blind and partially-sighted, and the deaf and hard of hearing, with audio description, Slovene subtitles, and Slovene Sign language interpreting<\/span><\/i><i><span data-contrast=\"auto\">.<\/span><\/i><span data-ccp-props=\"{&quot;335559739&quot;:0}\">\u00a0<\/span><\/p>\n<p><i><span data-contrast=\"auto\">Selected by young programmers from Elvira Vatovec Prade Primary School. After the screening, they talk to the film director.\u00a0<\/span><\/i><\/p>\n<p>&nbsp;<\/p>\n<h3><strong><span class=\"TextRun SCXW40406215 BCX4\" lang=\"EN-GB\" xml:lang=\"EN-GB\" data-contrast=\"none\"><span class=\"NormalTextRun SCXW40406215 BCX4\">Sunday, 8<\/span><span class=\"NormalTextRun SCXW40406215 BCX4\">. 6. 2025<\/span><\/span><\/strong><\/h3>\n<h3><span style=\"color: #000000;\"><strong>Sauvages! \/ Savages 8+\u00a0<\/strong><\/span><\/h3>\n<p><span data-contrast=\"auto\">Claude Barras, Switzerland, France, Belgium, 2024, 87\u2032, <span class=\"TextRun SCXW18952181 BCX4\" lang=\"EN-GB\" xml:lang=\"EN-GB\" data-contrast=\"auto\"><span class=\"NormalTextRun SCXW18952181 BCX4\" data-ccp-charstyle=\"Strong\">dubbed in Slovene<\/span><\/span><span class=\"EOP SCXW18952181 BCX4\" data-ccp-props=\"{&quot;335559685&quot;:0,&quot;335559739&quot;:0}\">\u00a0<\/span><\/span><\/p>\n<p><img loading=\"lazy\" decoding=\"async\" class=\"alignnone wp-image-11743\" src=\"https:\/\/kinootok.org\/wp-content\/uploads\/2025\/05\/Sauvage_1.1.1_1.1.21_izbrana2-300x169.jpeg\" alt=\"\" width=\"639\" height=\"360\" srcset=\"https:\/\/kinootok.org\/wp-content\/uploads\/2025\/05\/Sauvage_1.1.1_1.1.21_izbrana2-300x169.jpeg 300w, https:\/\/kinootok.org\/wp-content\/uploads\/2025\/05\/Sauvage_1.1.1_1.1.21_izbrana2-1024x576.jpeg 1024w, https:\/\/kinootok.org\/wp-content\/uploads\/2025\/05\/Sauvage_1.1.1_1.1.21_izbrana2-768x432.jpeg 768w, https:\/\/kinootok.org\/wp-content\/uploads\/2025\/05\/Sauvage_1.1.1_1.1.21_izbrana2-1536x864.jpeg 1536w, https:\/\/kinootok.org\/wp-content\/uploads\/2025\/05\/Sauvage_1.1.1_1.1.21_izbrana2.jpeg 1920w\" sizes=\"auto, (max-width: 639px) 100vw, 639px\" \/><\/p>\n<p><span data-ccp-props=\"{&quot;335559739&quot;:0,&quot;469777462&quot;:[6770],&quot;469777927&quot;:[0],&quot;469777928&quot;:[1]}\">\u00a0<\/span><span data-contrast=\"auto\">Keira, Sela\u00ef and young orangutan Oshi join forces to protect Borneo\u2019s tropical forest, discovering the power of nature, community, and friendship.<\/span><span data-ccp-props=\"{&quot;335559739&quot;:0,&quot;469777462&quot;:[6770],&quot;469777927&quot;:[0],&quot;469777928&quot;:[1]}\">\u00a0<\/span><\/p>\n<p><span class=\"TextRun SCXW13055818 BCX4\" lang=\"EN-GB\" xml:lang=\"EN-GB\" data-contrast=\"none\"><span class=\"NormalTextRun SCXW13055818 BCX4\">Followed by an creative workshop <\/span><span class=\"NormalTextRun SCXW13055818 BCX4\">\u2018<\/span><span class=\"NormalTextRun SCXW13055818 BCX4\">Plastic Gobblers<\/span><span class=\"NormalTextRun SCXW13055818 BCX4\">\u2018<\/span><\/span><span class=\"TextRun SCXW13055818 BCX4\" lang=\"EN-GB\" xml:lang=\"EN-GB\" data-contrast=\"none\"><span class=\"NormalTextRun SCXW13055818 BCX4\">\u202f<\/span><\/span><span class=\"TextRun SCXW13055818 BCX4\" lang=\"EN-GB\" xml:lang=\"EN-GB\" data-contrast=\"none\"><span class=\"NormalTextRun SCXW13055818 BCX4\">5+<\/span><\/span><\/p>\n<p><span data-contrast=\"none\">A recycling workshop to explore the underwater world and its pollution, and to make sea creatures out of plastic waste.\u00a0<\/span><span data-ccp-props=\"{&quot;335559739&quot;:0}\">\u00a0<\/span><i><span data-contrast=\"none\">Free admission. In collaboration with Gumb.<\/span><\/i><\/p>\n<h3><span style=\"color: #000000;\"><strong>Le chambre de Damien \/ Damian\u2019s Room 14+\u00a0<\/strong><\/span><\/h3>\n<p><span data-contrast=\"auto\">Jasna Krajinovi\u010d, Belgium, Slovenia, 2008, 73\u2032<\/span><span data-ccp-props=\"{&quot;335559739&quot;:0}\">\u00a0<\/span><\/p>\n<p><img loading=\"lazy\" decoding=\"async\" class=\"alignnone wp-image-11736\" src=\"https:\/\/kinootok.org\/wp-content\/uploads\/2025\/05\/image_075597_izbrana-300x169.jpeg\" alt=\"\" width=\"669\" height=\"377\" srcset=\"https:\/\/kinootok.org\/wp-content\/uploads\/2025\/05\/image_075597_izbrana-300x169.jpeg 300w, https:\/\/kinootok.org\/wp-content\/uploads\/2025\/05\/image_075597_izbrana-1024x576.jpeg 1024w, https:\/\/kinootok.org\/wp-content\/uploads\/2025\/05\/image_075597_izbrana-768x432.jpeg 768w, https:\/\/kinootok.org\/wp-content\/uploads\/2025\/05\/image_075597_izbrana-1536x864.jpeg 1536w, https:\/\/kinootok.org\/wp-content\/uploads\/2025\/05\/image_075597_izbrana.jpeg 1920w\" sizes=\"auto, (max-width: 669px) 100vw, 669px\" \/><\/p>\n<p><span data-contrast=\"auto\">This sensitive yet relentless portrait of the lost youth of the socially alienated Damjan is one of the highlights of Slovenian documentary cinema.\u00a0<\/span><span data-ccp-props=\"{&quot;335559739&quot;:0}\">\u00a0<\/span><\/p>\n<p><i><span data-contrast=\"auto\">Selected by young programmers in collaboration with the Slovenian Cinematheque. After the screening, they talk to the film director.<\/span><\/i><\/p>\n<h3><span style=\"color: #000000;\"><strong>Young Hearts 12+\u00a0<\/strong><\/span><\/h3>\n<p><span data-contrast=\"auto\">Anthony Schatteman, Belgium, the Netherlands, 2024, 97\u2032, <\/span><span data-contrast=\"auto\">in Dutch and French with Slovene subtitles<\/span><span data-ccp-props=\"{&quot;335559739&quot;:0}\">\u00a0<\/span><span data-ccp-props=\"{&quot;335559739&quot;:0}\">\u00a0<\/span><\/p>\n<p><span data-ccp-props=\"{&quot;335559739&quot;:0}\"><img loading=\"lazy\" decoding=\"async\" class=\"alignnone wp-image-11236\" src=\"https:\/\/kinootok.org\/wp-content\/uploads\/2025\/04\/YoungHearts_Presse_01_c_Thomas_Nolf_izbrana-300x169.jpg\" sizes=\"auto, (max-width: 649px) 100vw, 649px\" srcset=\"https:\/\/kinootok.org\/wp-content\/uploads\/2025\/04\/YoungHearts_Presse_01_c_Thomas_Nolf_izbrana-300x169.jpg 300w, https:\/\/kinootok.org\/wp-content\/uploads\/2025\/04\/YoungHearts_Presse_01_c_Thomas_Nolf_izbrana-1024x576.jpg 1024w, https:\/\/kinootok.org\/wp-content\/uploads\/2025\/04\/YoungHearts_Presse_01_c_Thomas_Nolf_izbrana-768x432.jpg 768w, https:\/\/kinootok.org\/wp-content\/uploads\/2025\/04\/YoungHearts_Presse_01_c_Thomas_Nolf_izbrana-1536x864.jpg 1536w, https:\/\/kinootok.org\/wp-content\/uploads\/2025\/04\/YoungHearts_Presse_01_c_Thomas_Nolf_izbrana-2048x1152.jpg 2048w\" alt=\"\" width=\"649\" height=\"366\" \/><\/span><\/p>\n<p><span data-contrast=\"none\">The film shows the transition from the easy everyday life of adolescence to the rapid heartbeat, a symptom of first love.\u00a0<\/span><span data-ccp-props=\"{&quot;335559739&quot;:0}\">\u00a0<\/span><\/p>\n<p><i><span data-contrast=\"auto\">With the support of the Flemish Government.<\/span><\/i><span data-ccp-props=\"{&quot;335559739&quot;:0}\">\u00a0<\/span><\/p>\n        <\/div>\n    <\/div>\n<\/div>\n","protected":false},"excerpt":{"rendered":"<p> [&#8230;]<\/p>\n<p><a class=\"btn btn-secondary understrap-read-more-link\" href=\"https:\/\/kinootok.org\/en\/arhiv-podmornica\/\">Read More&#8230;<\/a><\/p>\n","protected":false},"author":2,"featured_media":0,"parent":0,"menu_order":0,"comment_status":"closed","ping_status":"closed","template":"page-templates\/about.php","meta":{"_acf_changed":false,"footnotes":""},"class_list":["post-2024","page","type-page","status-publish","hentry"],"acf":[],"_links":{"self":[{"href":"https:\/\/kinootok.org\/en\/wp-json\/wp\/v2\/pages\/2024","targetHints":{"allow":["GET"]}}],"collection":[{"href":"https:\/\/kinootok.org\/en\/wp-json\/wp\/v2\/pages"}],"about":[{"href":"https:\/\/kinootok.org\/en\/wp-json\/wp\/v2\/types\/page"}],"author":[{"embeddable":true,"href":"https:\/\/kinootok.org\/en\/wp-json\/wp\/v2\/users\/2"}],"replies":[{"embeddable":true,"href":"https:\/\/kinootok.org\/en\/wp-json\/wp\/v2\/comments?post=2024"}],"version-history":[{"count":27,"href":"https:\/\/kinootok.org\/en\/wp-json\/wp\/v2\/pages\/2024\/revisions"}],"predecessor-version":[{"id":13514,"href":"https:\/\/kinootok.org\/en\/wp-json\/wp\/v2\/pages\/2024\/revisions\/13514"}],"wp:attachment":[{"href":"https:\/\/kinootok.org\/en\/wp-json\/wp\/v2\/media?parent=2024"}],"curies":[{"name":"wp","href":"https:\/\/api.w.org\/{rel}","templated":true}]}}